{"id":7,"date":"2022-07-26T09:44:03","date_gmt":"2022-07-26T07:44:03","guid":{"rendered":"https:\/\/yachting-pro.de\/?page_id=7"},"modified":"2022-07-27T08:13:24","modified_gmt":"2022-07-27T06:13:24","slug":"startseite","status":"publish","type":"page","link":"https:\/\/yachting-pro.de\/","title":{"rendered":"Yachting PRO"},"content":{"rendered":"\n<p class=\"has-text-align-center\">Die Yachting Pro GmbH arbeitet seit \u00fcber 25 Jahren im Consultingbereich f\u00fcr Yachtcharter-Firmen. <br>Zu unseren Kunden z\u00e4hlen zwei der gr\u00f6ssten und namhaftesten Yachtcharterunternehmen:<\/p>\n\n\n\n<div class=\"wp-block-columns is-layout-flex wp-container-core-columns-is-layout-28f84493 wp-block-columns-is-layout-flex\">\n<div class=\"wp-block-column is-layout-flow wp-block-column-is-layout-flow\">\n<p class=\"has-text-align-center\"><strong>&#8222;<a rel=\"noreferrer noopener\" href=\"http:\/\/www.charterzentrum.de\" target=\"_blank\">1.Klassse Yachten GmbH<\/a>&#8222;<\/strong><br>Direktanbieter f\u00fcr Yachtcharter Ostsee, Mallorca und Kroatien<\/p>\n<\/div>\n\n\n\n<div class=\"wp-block-column is-layout-flow wp-block-column-is-layout-flow\">\n<p class=\"has-text-align-center\"><strong>&#8222;<a rel=\"noreferrer noopener\" href=\"http:\/\/www.ecosail.de\" target=\"_blank\">ecosail<\/a>&#8222;<\/strong><br>Yachtcharter Ostsee, gut und g\u00fcnstig<\/p>\n<\/div>\n<\/div>\n\n\n\n<div class=\"wp-block-columns is-layout-flex wp-container-core-columns-is-layout-28f84493 wp-block-columns-is-layout-flex\">\n<div class=\"wp-block-column is-layout-flow wp-block-column-is-layout-flow\">\n<figure class=\"wp-block-image size-large\"><a href=\"www.charterzentrum.de\"><img loading=\"lazy\" decoding=\"async\" width=\"1024\" height=\"356\" src=\"https:\/\/yachting-pro.de\/wp-content\/uploads\/2022\/07\/yacha-logo-1-1024x356.png\" alt=\"\" class=\"wp-image-95\" srcset=\"https:\/\/yachting-pro.de\/wp-content\/uploads\/2022\/07\/yacha-logo-1-1024x356.png 1024w, https:\/\/yachting-pro.de\/wp-content\/uploads\/2022\/07\/yacha-logo-1-300x104.png 300w, https:\/\/yachting-pro.de\/wp-content\/uploads\/2022\/07\/yacha-logo-1-768x267.png 768w, https:\/\/yachting-pro.de\/wp-content\/uploads\/2022\/07\/yacha-logo-1-1536x534.png 1536w, https:\/\/yachting-pro.de\/wp-content\/uploads\/2022\/07\/yacha-logo-1-2048x712.png 2048w, https:\/\/yachting-pro.de\/wp-content\/uploads\/2022\/07\/yacha-logo-1-2000x695.png 2000w\" sizes=\"auto, (max-width: 1024px) 100vw, 1024px\" \/><\/a><\/figure>\n<\/div>\n\n\n\n<div class=\"wp-block-column is-layout-flow wp-block-column-is-layout-flow\">\n<figure class=\"wp-block-image size-large\"><a href=\"www.ecosail.de\"><img loading=\"lazy\" decoding=\"async\" width=\"1024\" height=\"356\" src=\"https:\/\/yachting-pro.de\/wp-content\/uploads\/2022\/07\/eco-logo-1024x356.png\" alt=\"\" class=\"wp-image-96\" srcset=\"https:\/\/yachting-pro.de\/wp-content\/uploads\/2022\/07\/eco-logo-1024x356.png 1024w, https:\/\/yachting-pro.de\/wp-content\/uploads\/2022\/07\/eco-logo-300x104.png 300w, https:\/\/yachting-pro.de\/wp-content\/uploads\/2022\/07\/eco-logo-768x267.png 768w, https:\/\/yachting-pro.de\/wp-content\/uploads\/2022\/07\/eco-logo-1536x534.png 1536w, https:\/\/yachting-pro.de\/wp-content\/uploads\/2022\/07\/eco-logo-2048x712.png 2048w, https:\/\/yachting-pro.de\/wp-content\/uploads\/2022\/07\/eco-logo-2000x695.png 2000w\" sizes=\"auto, (max-width: 1024px) 100vw, 1024px\" \/><\/a><\/figure>\n<\/div>\n<\/div>\n\n\n\n<div class=\"wp-block-columns is-layout-flex wp-container-core-columns-is-layout-28f84493 wp-block-columns-is-layout-flex\">\n<div class=\"wp-block-column is-layout-flow wp-block-column-is-layout-flow\"><\/div>\n\n\n\n<div class=\"wp-block-column is-layout-flow wp-block-column-is-layout-flow\"><\/div>\n<\/div>\n","protected":false},"excerpt":{"rendered":"<p>Die Yachting Pro GmbH arbeitet seit \u00fcber 25 Jahren im Consultingbereich f\u00fcr Yachtcharter-Firmen. Zu unseren Kunden z\u00e4hlen zwei der gr\u00f6ssten und namhaftesten Yachtcharterunternehmen: &#8222;1.Klassse Yachten GmbH&#8222;Direktanbieter f\u00fcr Yachtcharter Ostsee, Mallorca und Kroatien &#8222;ecosail&#8222;Yachtcharter Ostsee, gut und g\u00fcnstig<\/p>\n","protected":false},"author":1,"featured_media":0,"parent":0,"menu_order":0,"comment_status":"closed","ping_status":"closed","template":"","meta":{"footnotes":""},"class_list":["post-7","page","type-page","status-publish","hentry"],"_links":{"self":[{"href":"https:\/\/yachting-pro.de\/index.php?rest_route=\/wp\/v2\/pages\/7","targetHints":{"allow":["GET"]}}],"collection":[{"href":"https:\/\/yachting-pro.de\/index.php?rest_route=\/wp\/v2\/pages"}],"about":[{"href":"https:\/\/yachting-pro.de\/index.php?rest_route=\/wp\/v2\/types\/page"}],"author":[{"embeddable":true,"href":"https:\/\/yachting-pro.de\/index.php?rest_route=\/wp\/v2\/users\/1"}],"replies":[{"embeddable":true,"href":"https:\/\/yachting-pro.de\/index.php?rest_route=%2Fwp%2Fv2%2Fcomments&post=7"}],"version-history":[{"count":10,"href":"https:\/\/yachting-pro.de\/index.php?rest_route=\/wp\/v2\/pages\/7\/revisions"}],"predecessor-version":[{"id":99,"href":"https:\/\/yachting-pro.de\/index.php?rest_route=\/wp\/v2\/pages\/7\/revisions\/99"}],"wp:attachment":[{"href":"https:\/\/yachting-pro.de\/index.php?rest_route=%2Fwp%2Fv2%2Fmedia&parent=7"}],"curies":[{"name":"wp","href":"https:\/\/api.w.org\/{rel}","templated":true}]}}